{"id":1249,"date":"2017-08-04T11:47:23","date_gmt":"2017-08-04T10:47:23","guid":{"rendered":"http:\/\/www.dafigo.com\/?page_id=1249"},"modified":"2020-05-05T12:30:38","modified_gmt":"2020-05-05T11:30:38","slug":"subscription","status":"publish","type":"page","link":"https:\/\/www.dafigo.com\/fr\/subscription\/","title":{"rendered":"Souscription"},"content":{"rendered":"<p><\/p>\n<h3>Merci de votre int\u00e9r\u00eat pour Dafigo Interactive<\/h3>\n<p>&nbsp;<\/p>\n<div class=\"wpcf7\" id=\"wpcf7-f2785-o2\" lang=\"fr-FR\" dir=\"ltr\">\n<div class=\"screen-reader-response\"><\/div>\n<form action=\"\/fr\/wp-json\/wp\/v2\/pages\/1249#wpcf7-f2785-o2\" method=\"post\" class=\"wpcf7-form\" novalidate=\"novalidate\">\n<div style=\"display: none;\">\n<input type=\"hidden\" name=\"_wpcf7\" value=\"2785\" \/>\n<input type=\"hidden\" name=\"_wpcf7_version\" value=\"3.9\" \/>\n<input type=\"hidden\" name=\"_wpcf7_locale\" value=\"fr_FR\" \/>\n<input type=\"hidden\" name=\"_wpcf7_unit_tag\" value=\"wpcf7-f2785-o2\" \/>\n<input type=\"hidden\" name=\"_wpnonce\" value=\"fe7f3b53e1\" \/>\n<\/div>\n<p><span class=\"wpcf7-form-control-wrap first-name\"><input type=\"text\" name=\"first-name\" size=\"40\" class=\"wpcf7-form-control wpcf7-text wpcf7-validates-as-required\" aria-required=\"true\" aria-invalid=\"false\" placeholder=\"Pr\u00e9nom\" \/><\/span> <\/p>\n<p><span class=\"wpcf7-form-control-wrap last-name\"><input type=\"text\" name=\"last-name\" size=\"40\" class=\"wpcf7-form-control wpcf7-text wpcf7-validates-as-required\" aria-required=\"true\" aria-invalid=\"false\" placeholder=\"Nom\" \/><\/span> <\/p>\n<p><span class=\"wpcf7-form-control-wrap menu-466\"><select name=\"menu-466\" class=\"wpcf7-form-control wpcf7-select wpcf7-validates-as-required\" aria-required=\"true\" aria-invalid=\"false\"><option selected=\"selected\" disabled=\"disabled\">Veuillez s\u00e9lectionner votre type de souscription<\/option><option value=\"Client\">Client<\/option><option value=\"Participant\">Participant<\/option><\/select><\/span><\/p>\n<p>\n    <span class=\"wpcf7-form-control-wrap country\"><input type=\"text\" name=\"country\" size=\"40\" class=\"wpcf7-form-control wpcf7-text\" aria-invalid=\"false\" placeholder=\"Pays\" \/><\/span> <\/p>\n<p><span class=\"wpcf7-form-control-wrap telephone\"><input type=\"tel\" name=\"telephone\" size=\"40\" class=\"wpcf7-form-control wpcf7-text wpcf7-tel wpcf7-validates-as-tel\" aria-invalid=\"false\" placeholder=\"T\u00e9l\u00e9phone\" \/><\/span><\/p>\n<p>\n    <span class=\"wpcf7-form-control-wrap email\"><input type=\"email\" name=\"email\" size=\"40\" class=\"wpcf7-form-control wpcf7-text wpcf7-email wpcf7-validates-as-required wpcf7-validates-as-email\" aria-required=\"true\" aria-invalid=\"false\" placeholder=\"Email\" \/><\/span> <\/p>\n<p><span class=\"wpcf7-form-control-wrap password\"><input type=\"text\" name=\"password\" size=\"40\" class=\"wpcf7-form-control wpcf7-text wpcf7-validates-as-required\" aria-required=\"true\" aria-invalid=\"false\" placeholder=\"Mot de passe\" \/><\/span><\/p>\n<p><span class=\"wpcf7-form-control-wrap passwordc\"><input type=\"text\" name=\"passwordc\" size=\"40\" class=\"wpcf7-form-control wpcf7-text wpcf7-validates-as-required\" aria-required=\"true\" aria-invalid=\"false\" placeholder=\"Confirmer Mot de Passe\" \/><\/span><\/p>\n<p><input type=\"hidden\" name=\"_wpcf7_captcha_challenge_captcha-287\" value=\"687911781\" \/><img class=\"wpcf7-form-control wpcf7-captchac wpcf7-captcha-captcha-287\" width=\"84\" height=\"28\" alt=\"captcha\" src=\"https:\/\/www.dafigo.com\/blogs\/wp-content\/uploads\/wpcf7_captcha\/687911781.png\" \/><\/p>\n<p><span class=\"wpcf7-form-control-wrap captcha-287\"><input type=\"text\" name=\"captcha-287\" size=\"40\" maxlength=\"5\" class=\"wpcf7-form-control wpcf7-captchar\" id=\"captcha-result\" aria-invalid=\"false\" placeholder=\"Veuillez entrer les caract\u00e8res que vous voyez ci-dessus\" \/><\/span><\/p>\n<p><input type=\"submit\" value=\"Envoyer\" class=\"wpcf7-form-control wpcf7-submit btn btn-red\" \/><\/p>\n<div class=\"wpcf7-response-output wpcf7-display-none\"><\/div><\/form><\/div>\n<h3 style=\"text-align: left;\">Confidentialit\u00e9 des donn\u00e9es<\/h3>\n<p style=\"text-align: left;\">Toutes les informations personnelles que vous fournissez \u00e0 Dafigo sont conserv\u00e9es sur des serveurs s\u00e9curis\u00e9s. Nous utilisons tous les moyens possibles \u00e0 notre disposition au niveau administratif, technique, personnel et physique pour prot\u00e9ger les renseignements personnels contre la perte, le vol, l&rsquo;utilisation non autoris\u00e9e, la divulgation ou la modification, et pour en assurer leur int\u00e9grit\u00e9.<\/p>\n<p style=\"text-align: left;\">Dafigo ne divulguera en aucun cas vos renseignements personnels \u00e0 des tiers. Veuillez consulter notre\u00a0<span style=\"color: #0000ff;\"><a style=\"color: #0000ff;\" href=\"https:\/\/www.dafigo.com\/fr\/privacy-policy\">Politique de Confidentialit\u00e9<\/a><\/span>\u00a0pour plus de d\u00e9tails.<\/p>\n<p><\/p>","protected":false},"excerpt":{"rendered":"<p>Merci de votre int\u00e9r\u00eat pour Dafigo Interactive &nbsp; Confidentialit\u00e9 des donn\u00e9es Toutes les informations personnelles que vous fournissez \u00e0 Dafigo sont conserv\u00e9es sur des serveurs s\u00e9curis\u00e9s. Nous utilisons tous les moyens possibles \u00e0 notre disposition au niveau administratif, technique, personnel et physique pour prot\u00e9ger les renseignements personnels contre la perte, le vol, l&rsquo;utilisation non autoris\u00e9e, [&hellip;]<\/p>\n","protected":false},"author":1,"featured_media":0,"parent":0,"menu_order":0,"comment_status":"closed","ping_status":"closed","template":"page-templates\/contact-us.php","meta":[],"_links":{"self":[{"href":"https:\/\/www.dafigo.com\/fr\/wp-json\/wp\/v2\/pages\/1249"}],"collection":[{"href":"https:\/\/www.dafigo.com\/fr\/wp-json\/wp\/v2\/pages"}],"about":[{"href":"https:\/\/www.dafigo.com\/fr\/wp-json\/wp\/v2\/types\/page"}],"author":[{"embeddable":true,"href":"https:\/\/www.dafigo.com\/fr\/wp-json\/wp\/v2\/users\/1"}],"replies":[{"embeddable":true,"href":"https:\/\/www.dafigo.com\/fr\/wp-json\/wp\/v2\/comments?post=1249"}],"version-history":[{"count":31,"href":"https:\/\/www.dafigo.com\/fr\/wp-json\/wp\/v2\/pages\/1249\/revisions"}],"predecessor-version":[{"id":2800,"href":"https:\/\/www.dafigo.com\/fr\/wp-json\/wp\/v2\/pages\/1249\/revisions\/2800"}],"wp:attachment":[{"href":"https:\/\/www.dafigo.com\/fr\/wp-json\/wp\/v2\/media?parent=1249"}],"curies":[{"name":"wp","href":"https:\/\/api.w.org\/{rel}","templated":true}]}}