{"id":1209,"date":"2017-08-03T17:59:49","date_gmt":"2017-08-03T16:59:49","guid":{"rendered":"http:\/\/www.dafigo.com\/blogs\/?page_id=1209"},"modified":"2017-08-11T15:00:03","modified_gmt":"2017-08-11T14:00:03","slug":"privacy-policy","status":"publish","type":"page","link":"https:\/\/www.dafigo.com\/fr\/privacy-policy\/","title":{"rendered":"Politique de Confidentialit\u00e9"},"content":{"rendered":"<p><\/p>\n<h3>Politique de Confidentialit\u00e9<\/h3>\n<p>&nbsp;<\/p>\n<p>Dafigo respecte les droits de confidentialit\u00e9 des utilisateurs et s&rsquo;engage \u00e0 vous prot\u00e9ger en ligne.<\/p>\n<p><strong>Collecte et utilisation des renseignements personnels<\/strong><\/p>\n<p>Dafigo recueille des renseignements personnels, tels que les adresses e-mail et les informations de connexion que vous fournissez volontairement sur ce site web. Par exemple, nous collectons les adresses e-mail lorsque vous vous inscrivez pour recevoir des newsletters, des rappels d\u2019\u00e9v\u00e9nements et des informations de connexion lorsque vous acc\u00e9dez \u00e0 la zone priv\u00e9 du site.<\/p>\n<p><strong>Divulgation de renseignements personnels<\/strong><\/p>\n<p>Toutes les informations personnelles que vous fournissez \u00e0 Dafigo sont conserv\u00e9es sur des serveurs s\u00e9curis\u00e9s. Nous utilisons tous les moyens possibles \u00e0 notre disposition au niveau administratif, technique, personnel et physique pour prot\u00e9ger les renseignements personnels contre la perte, le vol, l&rsquo;utilisation non autoris\u00e9e, la divulgation ou la modification, et pour en assurer leur int\u00e9grit\u00e9. Dafigo ne divulguera en aucun cas vos renseignements personnels \u00e0 des tiers.<\/p>\n<p><strong>Utilisation des cookies<\/strong><\/p>\n<p>Dafigo utilise des cookies ou des outils \u00e9lectroniques similaires pour collecter des informations afin d\u2019am\u00e9liorer votre exp\u00e9rience sur notre site web. Un cookie est un petit fichier texte plac\u00e9 sur votre ordinateur, recueillant des informations sur votre utilisation du site Web, comme les pages web visit\u00e9es, la date et l&rsquo;heure de la visite, les sites Web que vous avez visit\u00e9 imm\u00e9diatement avant et apr\u00e8s, etc.<\/p>\n<p>Toutes informations recueillies par les cookies seront collect\u00e9es anonymement et ne seront pas utilis\u00e9es par la suite pour vous identifier ou pour pr\u00e9parer la collecte, le traitement ou l&rsquo;utilisation de renseignements personnels sans votre consentement pr\u00e9alable.<\/p>\n<p>La plupart des navigateurs sont configur\u00e9s pour accepter les cookies par d\u00e9faut. Si vous pr\u00e9f\u00e9rez, vous pouvez n\u00e9anmoins configurer votre navigateur pour d\u00e9sactiver les cookies, ou pour vous alerter lorsque des cookies sont envoy\u00e9s. La fonction d&rsquo;aide sur la plupart des navigateurs contient des instructions sur la fa\u00e7on de configurer votre navigateur pour qu&rsquo;il vous avertisse avant d&rsquo;accepter les cookies ou pour d\u00e9sactiver compl\u00e8tement les cookies. Cependant, il est possible que certaines parties du site ne fonctionnent pas correctement si vous d\u00e9sactivez les cookies.<\/p>\n<p><strong>Nous contacter<\/strong><\/p>\n<p>Si vous avez des questions au sujet de cette politique de confidentialit\u00e9, veuillez nous contacter: <span style=\"color: #0000ff;\">administration@dafigo.com<\/span><\/p>","protected":false},"excerpt":{"rendered":"<p>Politique de Confidentialit\u00e9 &nbsp; Dafigo respecte les droits de confidentialit\u00e9 des utilisateurs et s&rsquo;engage \u00e0 vous prot\u00e9ger en ligne. Collecte et utilisation des renseignements personnels Dafigo recueille des renseignements personnels, tels que les adresses e-mail et les informations de connexion que vous fournissez volontairement sur ce site web. Par exemple, nous collectons les adresses e-mail [&hellip;]<\/p>\n","protected":false},"author":1,"featured_media":0,"parent":0,"menu_order":0,"comment_status":"closed","ping_status":"closed","template":"","meta":[],"_links":{"self":[{"href":"https:\/\/www.dafigo.com\/fr\/wp-json\/wp\/v2\/pages\/1209"}],"collection":[{"href":"https:\/\/www.dafigo.com\/fr\/wp-json\/wp\/v2\/pages"}],"about":[{"href":"https:\/\/www.dafigo.com\/fr\/wp-json\/wp\/v2\/types\/page"}],"author":[{"embeddable":true,"href":"https:\/\/www.dafigo.com\/fr\/wp-json\/wp\/v2\/users\/1"}],"replies":[{"embeddable":true,"href":"https:\/\/www.dafigo.com\/fr\/wp-json\/wp\/v2\/comments?post=1209"}],"version-history":[{"count":6,"href":"https:\/\/www.dafigo.com\/fr\/wp-json\/wp\/v2\/pages\/1209\/revisions"}],"predecessor-version":[{"id":1706,"href":"https:\/\/www.dafigo.com\/fr\/wp-json\/wp\/v2\/pages\/1209\/revisions\/1706"}],"wp:attachment":[{"href":"https:\/\/www.dafigo.com\/fr\/wp-json\/wp\/v2\/media?parent=1209"}],"curies":[{"name":"wp","href":"https:\/\/api.w.org\/{rel}","templated":true}]}}