{"id":1203,"date":"2017-08-03T17:53:32","date_gmt":"2017-08-03T16:53:32","guid":{"rendered":"http:\/\/www.dafigo.com\/blogs\/?page_id=1203"},"modified":"2026-03-04T13:02:18","modified_gmt":"2026-03-04T13:02:18","slug":"careers","status":"publish","type":"page","link":"https:\/\/www.dafigo.com\/fr\/careers\/","title":{"rendered":"Carri\u00e8res"},"content":{"rendered":"<p><\/p>\n<h3>Carri\u00e8res<\/h3>\n<p>Nos structures permettent \u00e0 nos employ\u00e9s d\u2019accro\u00eetre leurs comp\u00e9tences, exp\u00e9riences et centre d\u2019int\u00e9r\u00eats tout en d\u00e9veloppant une carri\u00e8re captivante.<\/p>\n<p>Afin d&rsquo;offrir le meilleur service \u00e0 nos clients, nous nous devons de rester pertinents et adapt\u00e9s aux demandes du march\u00e9 actuel, ce qui signifie que chaque membre de notre \u00e9quipe a un r\u00f4le important \u00e0 jouer.<\/p>\n<p>Si vous \u00eates \u00e0 la recherche d\u2019un nouveau d\u00e9fi professionnel et voulez faire partie d&rsquo;une organisation qui aide les compagnies \u00e0 atteindre leur potentiel, nous serions ravis de vous rencontrer.<\/p>\n<p><img loading=\"lazy\" class=\"aligncenter wp-image-1819\" src=\"https:\/\/www.dafigo.com\/blogs\/wp-content\/uploads\/2017\/08\/Here-300x300.png\" alt=\"\" width=\"143\" height=\"143\" srcset=\"https:\/\/www.dafigo.com\/blogs\/wp-content\/uploads\/2017\/08\/Here-300x300.png 300w, https:\/\/www.dafigo.com\/blogs\/wp-content\/uploads\/2017\/08\/Here-150x150.png 150w, https:\/\/www.dafigo.com\/blogs\/wp-content\/uploads\/2017\/08\/Here-216x216.png 216w, https:\/\/www.dafigo.com\/blogs\/wp-content\/uploads\/2017\/08\/Here-432x432.png 432w, https:\/\/www.dafigo.com\/blogs\/wp-content\/uploads\/2017\/08\/Here-500x500.png 500w, https:\/\/www.dafigo.com\/blogs\/wp-content\/uploads\/2017\/08\/Here.png 512w\" sizes=\"(max-width: 143px) 100vw, 143px\" \/><\/p>\n<p><img loading=\"lazy\" class=\"aligncenter wp-image-2303\" src=\"https:\/\/www.dafigo.com\/blogs\/wp-content\/uploads\/2017\/08\/Postuler.jpg\" alt=\"\" width=\"164\" height=\"160\" srcset=\"https:\/\/www.dafigo.com\/blogs\/wp-content\/uploads\/2017\/08\/Postuler.jpg 1216w, https:\/\/www.dafigo.com\/blogs\/wp-content\/uploads\/2017\/08\/Postuler-300x294.jpg 300w, https:\/\/www.dafigo.com\/blogs\/wp-content\/uploads\/2017\/08\/Postuler-768x752.jpg 768w, https:\/\/www.dafigo.com\/blogs\/wp-content\/uploads\/2017\/08\/Postuler-1024x1002.jpg 1024w, https:\/\/www.dafigo.com\/blogs\/wp-content\/uploads\/2017\/08\/Postuler-1104x1080.jpg 1104w, https:\/\/www.dafigo.com\/blogs\/wp-content\/uploads\/2017\/08\/Postuler-736x720.jpg 736w, https:\/\/www.dafigo.com\/blogs\/wp-content\/uploads\/2017\/08\/Postuler-221x216.jpg 221w, https:\/\/www.dafigo.com\/blogs\/wp-content\/uploads\/2017\/08\/Postuler-441x432.jpg 441w, https:\/\/www.dafigo.com\/blogs\/wp-content\/uploads\/2017\/08\/Postuler-500x489.jpg 500w\" sizes=\"(max-width: 164px) 100vw, 164px\" \/><\/p>\n<p>Que vous soyez un professionnel exp\u00e9riment\u00e9 ou un r\u00e9cent dipl\u00f4m\u00e9, souhaitiez rejoindre notre \u00e9quipe dans nos bureaux de Londres, Bruxelles, Paris ou Madrid ou souhaitiez faire partie de notre r\u00e9seau de consultants dans plus de 10 pays, nous avons une vari\u00e9t\u00e9 d&rsquo;opportunit\u00e9s d&#8217;emploi \u00e0 offrir. Veuillez envoyer votre cv \u00e0 <span style=\"color: #0000ff;\">jobs@dafigo.com<\/span> et nous vous contacterons pour discuter de vos options avec nous.<\/p>","protected":false},"excerpt":{"rendered":"<p>Carri\u00e8res Nos structures permettent \u00e0 nos employ\u00e9s d\u2019accro\u00eetre leurs comp\u00e9tences, exp\u00e9riences et centre d\u2019int\u00e9r\u00eats tout en d\u00e9veloppant une carri\u00e8re captivante. Afin d&rsquo;offrir le meilleur service \u00e0 nos clients, nous nous devons de rester pertinents et adapt\u00e9s aux demandes du march\u00e9 actuel, ce qui signifie que chaque membre de notre \u00e9quipe a un r\u00f4le important \u00e0 [&hellip;]<\/p>\n","protected":false},"author":1,"featured_media":418,"parent":0,"menu_order":0,"comment_status":"closed","ping_status":"closed","template":"","meta":[],"_links":{"self":[{"href":"https:\/\/www.dafigo.com\/fr\/wp-json\/wp\/v2\/pages\/1203"}],"collection":[{"href":"https:\/\/www.dafigo.com\/fr\/wp-json\/wp\/v2\/pages"}],"about":[{"href":"https:\/\/www.dafigo.com\/fr\/wp-json\/wp\/v2\/types\/page"}],"author":[{"embeddable":true,"href":"https:\/\/www.dafigo.com\/fr\/wp-json\/wp\/v2\/users\/1"}],"replies":[{"embeddable":true,"href":"https:\/\/www.dafigo.com\/fr\/wp-json\/wp\/v2\/comments?post=1203"}],"version-history":[{"count":65,"href":"https:\/\/www.dafigo.com\/fr\/wp-json\/wp\/v2\/pages\/1203\/revisions"}],"predecessor-version":[{"id":3374,"href":"https:\/\/www.dafigo.com\/fr\/wp-json\/wp\/v2\/pages\/1203\/revisions\/3374"}],"wp:featuredmedia":[{"embeddable":true,"href":"https:\/\/www.dafigo.com\/fr\/wp-json\/wp\/v2\/media\/418"}],"wp:attachment":[{"href":"https:\/\/www.dafigo.com\/fr\/wp-json\/wp\/v2\/media?parent=1203"}],"curies":[{"name":"wp","href":"https:\/\/api.w.org\/{rel}","templated":true}]}}