{"id":1199,"date":"2017-08-03T17:50:41","date_gmt":"2017-08-03T16:50:41","guid":{"rendered":"http:\/\/www.dafigo.com\/blogs\/?page_id=1199"},"modified":"2025-11-05T18:55:17","modified_gmt":"2025-11-05T18:55:17","slug":"international-growth","status":"publish","type":"page","link":"https:\/\/www.dafigo.com\/fr\/international-growth\/","title":{"rendered":"D\u00e9veloppement International"},"content":{"rendered":"<p><\/p>\n<h3>D\u00e9veloppement International<\/h3>\n<p>&nbsp;<\/p>\n<p>La d\u00e9cision d&rsquo;entreprendre une expansion internationale peut \u00eatre \u00e0 la fois attrayante et effrayante: des opportunit\u00e9s de croissance apparemment infinies existent, mais il peut aussi y avoir des risques importants. L&rsquo;un des faux pas les plus communs pour les entreprises lorsque l&rsquo;elles tentent de faire des affaires dans un autre pays est d\u2019adopter une mentalit\u00e9 \u2018taille unique\u2019. Juste parce qu\u2019un syst\u00e8me fonctionne sur un march\u00e9, cela ne veut pas dire que c&rsquo;est le bon mod\u00e8le pour un autre. Soyez conscient des besoins sp\u00e9cifiques du march\u00e9 et de la variation du comportement d&rsquo;achat du consommateur.<\/p>\n<p>&nbsp;<\/p>\n<hr \/>\n<h3 style=\"text-align: center;\"><span style=\"color: #000000;\">Avec des bureaux \u00e0 Londres, Bruxelles, Paris et Madrid et un r\u00e9seau complet de conseillers sur le terrain dans plus de 10 pays, nous fournissons des services bas\u00e9s sur les connaissances locales.<\/span><\/h3>\n<hr \/>\n<p>&nbsp;<\/p>\n<p>Notre \u00e9quipe d&rsquo;experts vous aidera \u00e0 vous adapter aux changements n\u00e9cessaires afin de r\u00e9aliser la vision cr\u00e9\u00e9e par votre strat\u00e9gie de d\u00e9veloppement, tout en conservant les \u00e9l\u00e9ments qui vous ont fait prosp\u00e9rer en premi\u00e8re instance.<\/p>\n<p><img loading=\"lazy\" class=\"aligncenter wp-image-1625 size-full\" src=\"https:\/\/www.dafigo.com\/blogs\/wp-content\/uploads\/2017\/08\/Business-Growth.jpg\" alt=\"\" width=\"1000\" height=\"750\" srcset=\"https:\/\/www.dafigo.com\/blogs\/wp-content\/uploads\/2017\/08\/Business-Growth.jpg 1000w, https:\/\/www.dafigo.com\/blogs\/wp-content\/uploads\/2017\/08\/Business-Growth-300x225.jpg 300w, https:\/\/www.dafigo.com\/blogs\/wp-content\/uploads\/2017\/08\/Business-Growth-768x576.jpg 768w, https:\/\/www.dafigo.com\/blogs\/wp-content\/uploads\/2017\/08\/Business-Growth-960x720.jpg 960w, https:\/\/www.dafigo.com\/blogs\/wp-content\/uploads\/2017\/08\/Business-Growth-288x216.jpg 288w, https:\/\/www.dafigo.com\/blogs\/wp-content\/uploads\/2017\/08\/Business-Growth-576x432.jpg 576w, https:\/\/www.dafigo.com\/blogs\/wp-content\/uploads\/2017\/08\/Business-Growth-500x375.jpg 500w\" sizes=\"(max-width: 1000px) 100vw, 1000px\" \/><\/p>\n<hr \/>\n<p style=\"text-align: left;\"><div class=\"row clearfix\"><\/p>\n<p style=\"text-align: left;\"><div class=\"col-xs-12 col-md-6\"><\/p>\n<h3><\/h3>\n<p style=\"text-align: left;\"><img loading=\"lazy\" class=\"alignleft size-medium wp-image-2239\" src=\"https:\/\/www.dafigo.com\/blogs\/wp-content\/uploads\/2017\/10\/forward-300x110.png\" alt=\"\" width=\"300\" height=\"110\" srcset=\"https:\/\/www.dafigo.com\/blogs\/wp-content\/uploads\/2017\/10\/forward-300x110.png 300w, https:\/\/www.dafigo.com\/blogs\/wp-content\/uploads\/2017\/10\/forward-384x141.png 384w, https:\/\/www.dafigo.com\/blogs\/wp-content\/uploads\/2017\/10\/forward-500x183.png 500w, https:\/\/www.dafigo.com\/blogs\/wp-content\/uploads\/2017\/10\/forward.png 502w\" sizes=\"(max-width: 300px) 100vw, 300px\" \/><\/div><div class=\"col-xs-12 col-md-6\"><\/p>\n<h3><\/h3>\n<h3>Conseils<\/h3>\n<p>Nous sommes fiers de fournir un service rapide et bas\u00e9 sur la confiance mutuelle, cr\u00e9ant une relation qui dure souvent pendant des ann\u00e9es.<\/p>\n<p><span style=\"color: #993300;\"><a style=\"color: #993300;\" href=\"https:\/\/www.dafigo.com\/fr\/consulting\/\"><strong>En savoir plus<\/strong><\/a><\/span><\/p>\n<h3><\/div><\/div><\/h3>\n<hr \/>\n<p style=\"text-align: left;\"><div class=\"row clearfix\"><\/p>\n<p style=\"text-align: left;\"><div class=\"col-xs-12 col-md-6\"><\/p>\n<h3><\/h3>\n<p style=\"text-align: left;\"><img loading=\"lazy\" class=\"alignleft size-medium wp-image-2239\" src=\"https:\/\/www.dafigo.com\/blogs\/wp-content\/uploads\/2017\/10\/forward-300x110.png\" alt=\"\" width=\"300\" height=\"110\" srcset=\"https:\/\/www.dafigo.com\/blogs\/wp-content\/uploads\/2017\/10\/forward-300x110.png 300w, https:\/\/www.dafigo.com\/blogs\/wp-content\/uploads\/2017\/10\/forward-384x141.png 384w, https:\/\/www.dafigo.com\/blogs\/wp-content\/uploads\/2017\/10\/forward-500x183.png 500w, https:\/\/www.dafigo.com\/blogs\/wp-content\/uploads\/2017\/10\/forward.png 502w\" sizes=\"(max-width: 300px) 100vw, 300px\" \/><\/div><div class=\"col-xs-12 col-md-6\"><\/p>\n<h3>Planification<\/h3>\n<p>Nous combinons exp\u00e9rience, connaissance et gestion d\u2019informations afin d\u2019offrir d\u2019excellentes solutions de marketing.<\/p>\n<p><span style=\"color: #993300;\"><strong><a style=\"color: #993300;\" href=\"https:\/\/www.dafigo.com\/fr\/strategy\/\">En savoir plus<\/a><\/strong><\/span><\/p>\n<h3><\/div><\/div><\/h3>\n<hr \/>\n<p style=\"text-align: left;\"><div class=\"row clearfix\"><\/p>\n<p style=\"text-align: left;\"><div class=\"col-xs-12 col-md-6\"><\/p>\n<h3><\/h3>\n<p style=\"text-align: left;\"><img loading=\"lazy\" class=\"alignleft size-medium wp-image-2239\" src=\"https:\/\/www.dafigo.com\/blogs\/wp-content\/uploads\/2017\/10\/forward-300x110.png\" alt=\"\" width=\"300\" height=\"110\" srcset=\"https:\/\/www.dafigo.com\/blogs\/wp-content\/uploads\/2017\/10\/forward-300x110.png 300w, https:\/\/www.dafigo.com\/blogs\/wp-content\/uploads\/2017\/10\/forward-384x141.png 384w, https:\/\/www.dafigo.com\/blogs\/wp-content\/uploads\/2017\/10\/forward-500x183.png 500w, https:\/\/www.dafigo.com\/blogs\/wp-content\/uploads\/2017\/10\/forward.png 502w\" sizes=\"(max-width: 300px) 100vw, 300px\" \/><\/div><div class=\"col-xs-12 col-md-6\"><\/p>\n<h3>Exp\u00e9rience client<\/h3>\n<p>Consultez notre panel et obtenez des r\u00e9ponses imm\u00e9diates \u00e0 vos questions.<\/p>\n<p><span style=\"color: #993300;\"><strong><a style=\"color: #993300;\" href=\"https:\/\/www.dafigo.com\/fr\/ucp\/\">En savoir plus<\/a><\/strong><\/span><\/p>\n<p style=\"text-align: left;\"><\/div><\/div><\/p>\n<hr \/>\n<p style=\"text-align: left;\">\n<p><\/p>","protected":false},"excerpt":{"rendered":"<p>D\u00e9veloppement International &nbsp; La d\u00e9cision d&rsquo;entreprendre une expansion internationale peut \u00eatre \u00e0 la fois attrayante et effrayante: des opportunit\u00e9s de croissance apparemment infinies existent, mais il peut aussi y avoir des risques importants. L&rsquo;un des faux pas les plus communs pour les entreprises lorsque l&rsquo;elles tentent de faire des affaires dans un autre pays est [&hellip;]<\/p>\n","protected":false},"author":1,"featured_media":1419,"parent":0,"menu_order":0,"comment_status":"closed","ping_status":"closed","template":"","meta":[],"_links":{"self":[{"href":"https:\/\/www.dafigo.com\/fr\/wp-json\/wp\/v2\/pages\/1199"}],"collection":[{"href":"https:\/\/www.dafigo.com\/fr\/wp-json\/wp\/v2\/pages"}],"about":[{"href":"https:\/\/www.dafigo.com\/fr\/wp-json\/wp\/v2\/types\/page"}],"author":[{"embeddable":true,"href":"https:\/\/www.dafigo.com\/fr\/wp-json\/wp\/v2\/users\/1"}],"replies":[{"embeddable":true,"href":"https:\/\/www.dafigo.com\/fr\/wp-json\/wp\/v2\/comments?post=1199"}],"version-history":[{"count":35,"href":"https:\/\/www.dafigo.com\/fr\/wp-json\/wp\/v2\/pages\/1199\/revisions"}],"predecessor-version":[{"id":3342,"href":"https:\/\/www.dafigo.com\/fr\/wp-json\/wp\/v2\/pages\/1199\/revisions\/3342"}],"wp:featuredmedia":[{"embeddable":true,"href":"https:\/\/www.dafigo.com\/fr\/wp-json\/wp\/v2\/media\/1419"}],"wp:attachment":[{"href":"https:\/\/www.dafigo.com\/fr\/wp-json\/wp\/v2\/media?parent=1199"}],"curies":[{"name":"wp","href":"https:\/\/api.w.org\/{rel}","templated":true}]}}