{"id":1197,"date":"2017-08-03T17:48:49","date_gmt":"2017-08-03T16:48:49","guid":{"rendered":"http:\/\/www.dafigo.com\/blogs\/?page_id=1197"},"modified":"2026-03-04T13:08:44","modified_gmt":"2026-03-04T13:08:44","slug":"strategy","status":"publish","type":"page","link":"https:\/\/www.dafigo.com\/fr\/strategy\/","title":{"rendered":"Strat\u00e9gie"},"content":{"rendered":"<p><\/p>\n<h3>Strat\u00e9gie<\/h3>\n<p>&nbsp;<\/p>\n<p>Dans le monde des affaires, il est parfois bon de mettre de c\u00f4t\u00e9 ses propres id\u00e9es et de laisser les consommateurs vous dire ce qu\u2019ils veulent. Apr\u00e8s tout, une grosse partie du succ\u00e8s de votre entreprise d\u00e9pend d\u2019eux. En combinant les derni\u00e8res techniques de recherche, d\u2019analyse de donn\u00e9es et de conseils sp\u00e9cialis\u00e9s, nous offrons un service innovant et efficace vous aidant au moment de prendre des d\u00e9cisions strat\u00e9giques.<\/p>\n<p>Nous combinons exp\u00e9rience, connaissance et gestion d\u2019informations afin de fournir une solution client exceptionnelle. Nous fournissons une assistance quand vous en avez besoin, vous permettant de vous concentrer sur ce que vous faites de mieux.<\/p>\n<p>&nbsp;<\/p>\n<p><img loading=\"lazy\" class=\"aligncenter size-full wp-image-2125\" src=\"https:\/\/www.dafigo.com\/blogs\/wp-content\/uploads\/2017\/08\/Strat\u00e9gie.jpg\" alt=\"\" width=\"933\" height=\"414\" srcset=\"https:\/\/www.dafigo.com\/blogs\/wp-content\/uploads\/2017\/08\/Strat\u00e9gie.jpg 933w, https:\/\/www.dafigo.com\/blogs\/wp-content\/uploads\/2017\/08\/Strat\u00e9gie-300x133.jpg 300w, https:\/\/www.dafigo.com\/blogs\/wp-content\/uploads\/2017\/08\/Strat\u00e9gie-768x341.jpg 768w, https:\/\/www.dafigo.com\/blogs\/wp-content\/uploads\/2017\/08\/Strat\u00e9gie-384x170.jpg 384w, https:\/\/www.dafigo.com\/blogs\/wp-content\/uploads\/2017\/08\/Strat\u00e9gie-500x222.jpg 500w\" sizes=\"(max-width: 933px) 100vw, 933px\" \/><\/p>\n<p>&nbsp;<\/p>\n<p>Nous nous engageons \u00e0 prendre en compte le cycle des activit\u00e9s marketing au sein des organisations, en conjuguant nos capacit\u00e9s commerciales et le besoin r\u00e9current d\u2019\u00e9valuer les risques et les opportunit\u00e9s, \u00e0 identifier des id\u00e9es pertinentes et \u00e0 d\u00e9velopper et apporter une r\u00e9ponse marketing appropri\u00e9e. \u00c0 l\u2019inverse de nombreuses agences d\u2019\u00e9tude de march\u00e9 traditionnelles, nous ne nous limitons pas \u00e0 une seule technique de recherche. Nous pr\u00e9f\u00e9rons mettre au point un programme de recherche adapt\u00e9 aux besoins sp\u00e9cifiques du client en mati\u00e8re de recherche.<\/p>\n<hr \/>\n<h3 style=\"text-align: center;\"><span style=\"color: #000000;\">Nous am\u00e9liorons la fa\u00e7on dont les organisations interagissent avec les consommateurs<\/span><\/h3>\n<hr \/>\n<p style=\"text-align: left;\"><div class=\"row clearfix\"><\/p>\n<p style=\"text-align: left;\"><div class=\"col-xs-12 col-md-6\"><\/p>\n<p>Nous leur offrons une plate-forme o\u00f9 ils peuvent partager leurs exp\u00e9riences librement et exprimer leurs opinions. Ils ne sont plus vus en tant que membre d\u2019un panel de recherche, mais en tant que participant \u00e0 part enti\u00e8re d&rsquo;un projet de recherche. Leur \u201cavis\u201d peut r\u00e9ellement \u201cchanger\u201d quelque chose. L&rsquo;objectif de la plate-forme est de cr\u00e9er un lien entre les participants, nos clients et nous.<\/p>\n<p style=\"text-align: left;\"><\/div><div class=\"col-xs-12 col-md-6\"><\/p>\n<p><img loading=\"lazy\" class=\"aligncenter size-medium wp-image-48\" src=\"https:\/\/www.dafigo.com\/blogs\/wp-content\/uploads\/2013\/08\/The-10-Worst-Communication-Mistakes-For-Your-Career1-300x200.jpg\" alt=\"\" width=\"300\" height=\"200\" srcset=\"https:\/\/www.dafigo.com\/blogs\/wp-content\/uploads\/2013\/08\/The-10-Worst-Communication-Mistakes-For-Your-Career1-300x200.jpg 300w, https:\/\/www.dafigo.com\/blogs\/wp-content\/uploads\/2013\/08\/The-10-Worst-Communication-Mistakes-For-Your-Career1-324x216.jpg 324w, https:\/\/www.dafigo.com\/blogs\/wp-content\/uploads\/2013\/08\/The-10-Worst-Communication-Mistakes-For-Your-Career1.jpg 480w\" sizes=\"(max-width: 300px) 100vw, 300px\" \/><\/p>\n<p style=\"text-align: left;\"><\/div><\/div><\/p>\n<p><\/p>","protected":false},"excerpt":{"rendered":"<p>Strat\u00e9gie &nbsp; Dans le monde des affaires, il est parfois bon de mettre de c\u00f4t\u00e9 ses propres id\u00e9es et de laisser les consommateurs vous dire ce qu\u2019ils veulent. Apr\u00e8s tout, une grosse partie du succ\u00e8s de votre entreprise d\u00e9pend d\u2019eux. En combinant les derni\u00e8res techniques de recherche, d\u2019analyse de donn\u00e9es et de conseils sp\u00e9cialis\u00e9s, nous [&hellip;]<\/p>\n","protected":false},"author":1,"featured_media":1517,"parent":0,"menu_order":0,"comment_status":"closed","ping_status":"closed","template":"","meta":[],"_links":{"self":[{"href":"https:\/\/www.dafigo.com\/fr\/wp-json\/wp\/v2\/pages\/1197"}],"collection":[{"href":"https:\/\/www.dafigo.com\/fr\/wp-json\/wp\/v2\/pages"}],"about":[{"href":"https:\/\/www.dafigo.com\/fr\/wp-json\/wp\/v2\/types\/page"}],"author":[{"embeddable":true,"href":"https:\/\/www.dafigo.com\/fr\/wp-json\/wp\/v2\/users\/1"}],"replies":[{"embeddable":true,"href":"https:\/\/www.dafigo.com\/fr\/wp-json\/wp\/v2\/comments?post=1197"}],"version-history":[{"count":32,"href":"https:\/\/www.dafigo.com\/fr\/wp-json\/wp\/v2\/pages\/1197\/revisions"}],"predecessor-version":[{"id":3375,"href":"https:\/\/www.dafigo.com\/fr\/wp-json\/wp\/v2\/pages\/1197\/revisions\/3375"}],"wp:featuredmedia":[{"embeddable":true,"href":"https:\/\/www.dafigo.com\/fr\/wp-json\/wp\/v2\/media\/1517"}],"wp:attachment":[{"href":"https:\/\/www.dafigo.com\/fr\/wp-json\/wp\/v2\/media?parent=1197"}],"curies":[{"name":"wp","href":"https:\/\/api.w.org\/{rel}","templated":true}]}}