{"id":2660,"date":"2018-11-15T12:58:33","date_gmt":"2018-11-15T12:58:33","guid":{"rendered":"https:\/\/www.dafigo.com\/?page_id=2660"},"modified":"2022-03-11T14:46:14","modified_gmt":"2022-03-11T14:46:14","slug":"customer-experience","status":"publish","type":"page","link":"https:\/\/www.dafigo.com\/es\/customer-experience\/","title":{"rendered":"Experiencia del cliente"},"content":{"rendered":"<p><\/p>\n<h3>Experiencia del cliente<\/h3>\n<p>&nbsp;<\/p>\n<p>El mundo ha cambiado. La forma en que interactuamos con las marcas ha evolucionado. Nuestros h\u00e1bitos de compra han cambiado. Nuestra relaci\u00f3n con los centros comerciales no es la misma. Es probable que muchos de los cambios que vemos hoy duren mucho tiempo, tal vez para siempre.<\/p>\n<p>Tener excelentes productos\/servicios es necesario para el \u00e9xito, pero no suficiente: como organizaci\u00f3n, necesita experiencias excepcionales de los clientes para tener \u00e9xito.<\/p>\n<hr \/>\n<h3 style=\"text-align: center;\">Al transformar datos en informaci\u00f3ns estrat\u00e9gicas, le ayudaremos a lograr sus objetivos<\/h3>\n<hr \/>\n<p>Brindamos la experiencia y las herramientas para ayudarlo a comprender qu\u00e9 es lo m\u00e1s importante para los clientes y ayudar a su equipo a brindar excelentes experiencias. Estos esfuerzos producir\u00e1n clientes felices, empleados felices y accionistas felices.<\/p>\n<p><img loading=\"lazy\" class=\"aligncenter wp-image-566 size-medium\" src=\"https:\/\/www.dafigo.com\/blogs\/wp-content\/uploads\/2014\/08\/Turn-bad-publicity-into-good-1-277x300.jpg\" alt=\"\" width=\"277\" height=\"300\" srcset=\"https:\/\/www.dafigo.com\/blogs\/wp-content\/uploads\/2014\/08\/Turn-bad-publicity-into-good-1-277x300.jpg 277w, https:\/\/www.dafigo.com\/blogs\/wp-content\/uploads\/2014\/08\/Turn-bad-publicity-into-good-1-768x831.jpg 768w, https:\/\/www.dafigo.com\/blogs\/wp-content\/uploads\/2014\/08\/Turn-bad-publicity-into-good-1-665x720.jpg 665w, https:\/\/www.dafigo.com\/blogs\/wp-content\/uploads\/2014\/08\/Turn-bad-publicity-into-good-1-200x216.jpg 200w, https:\/\/www.dafigo.com\/blogs\/wp-content\/uploads\/2014\/08\/Turn-bad-publicity-into-good-1-399x432.jpg 399w, https:\/\/www.dafigo.com\/blogs\/wp-content\/uploads\/2014\/08\/Turn-bad-publicity-into-good-1-462x500.jpg 462w, https:\/\/www.dafigo.com\/blogs\/wp-content\/uploads\/2014\/08\/Turn-bad-publicity-into-good-1.jpg 924w\" sizes=\"(max-width: 277px) 100vw, 277px\" \/><\/p>","protected":false},"excerpt":{"rendered":"<p>Experiencia del cliente &nbsp; El mundo ha cambiado. La forma en que interactuamos con las marcas ha evolucionado. Nuestros h\u00e1bitos de compra han cambiado. Nuestra relaci\u00f3n con los centros comerciales no es la misma. Es probable que muchos de los cambios que vemos hoy duren mucho tiempo, tal vez para siempre. Tener excelentes productos\/servicios es [&hellip;]<\/p>\n","protected":false},"author":1,"featured_media":313,"parent":0,"menu_order":0,"comment_status":"closed","ping_status":"closed","template":"","meta":[],"_links":{"self":[{"href":"https:\/\/www.dafigo.com\/es\/wp-json\/wp\/v2\/pages\/2660"}],"collection":[{"href":"https:\/\/www.dafigo.com\/es\/wp-json\/wp\/v2\/pages"}],"about":[{"href":"https:\/\/www.dafigo.com\/es\/wp-json\/wp\/v2\/types\/page"}],"author":[{"embeddable":true,"href":"https:\/\/www.dafigo.com\/es\/wp-json\/wp\/v2\/users\/1"}],"replies":[{"embeddable":true,"href":"https:\/\/www.dafigo.com\/es\/wp-json\/wp\/v2\/comments?post=2660"}],"version-history":[{"count":26,"href":"https:\/\/www.dafigo.com\/es\/wp-json\/wp\/v2\/pages\/2660\/revisions"}],"predecessor-version":[{"id":3133,"href":"https:\/\/www.dafigo.com\/es\/wp-json\/wp\/v2\/pages\/2660\/revisions\/3133"}],"wp:featuredmedia":[{"embeddable":true,"href":"https:\/\/www.dafigo.com\/es\/wp-json\/wp\/v2\/media\/313"}],"wp:attachment":[{"href":"https:\/\/www.dafigo.com\/es\/wp-json\/wp\/v2\/media?parent=2660"}],"curies":[{"name":"wp","href":"https:\/\/api.w.org\/{rel}","templated":true}]}}