{"id":1225,"date":"2017-08-04T10:40:46","date_gmt":"2017-08-04T09:40:46","guid":{"rendered":"http:\/\/www.dafigo.com\/?page_id=1225"},"modified":"2025-11-05T18:32:51","modified_gmt":"2025-11-05T18:32:51","slug":"contact-us","status":"publish","type":"page","link":"https:\/\/www.dafigo.com\/es\/contact-us\/","title":{"rendered":"Cont\u00e1ctenos"},"content":{"rendered":"<p><\/p>\n<h3>Gracias por su inter\u00e9s en Dafigo<\/h3>\n<h3>&#8211; Localizaci\u00f3n de oficinas &#8211;<\/h3>\n<div class=\"content-section clearfix\"><div class=\"col-xs-12 col-md-6\"><\/p>\n<p><strong>Oficinas en Londres (Sede)<\/strong><br \/>\n25 Old Broad Street<br \/>\nLondon<br \/>\nEC2N 1HQ<br \/>\nReino Unido<br \/>\n<\/div><div class=\"col-xs-12 col-md-6\"><\/p>\n<p><strong>Oficinas en Bruselas\u00a0<\/strong><br \/>\nAvenue Louise, 480<br \/>\nBrussels<br \/>\n1050<br \/>\nB\u00e9lgica<\/p>\n<p><\/div><\/p>\n<p><div class=\"col-xs-12 col-md-6\"><\/p>\n<p><strong>Oficinas en Paris<\/strong><br \/>\n1 Rue D&#8217;Argenson<br \/>\nParis<br \/>\n75008<br \/>\nFrancia<\/p>\n<p><\/div><div class=\"col-xs-12 col-md-6\"><\/p>\n<p><strong>Oficinas en Madrid<\/strong><br \/>\nCalle de Goya 36<br \/>\nMadrid<br \/>\n28001<br \/>\nEspa\u00f1a<\/p>\n<p><\/div><\/div>\n<h3>&#8211; Emails &#8211;<\/h3>\n<div class=\"content-section clearfix\"><div class=\"col-xs-12 col-md-6\"><\/p>\n<p><strong>Soporte t\u00e9cnico<\/strong><br \/>\n<span style=\"color: #993300;\">support@dafigo.com<\/span><\/p>\n<p><strong>Comentarios del sitio web<\/strong><br \/>\n<span style=\"color: #993300;\">feedback@dafigo.com<\/span><\/p>\n<p><\/div><div class=\"col-xs-12 col-md-6\"><\/p>\n<p><strong>Carreras<\/strong><br \/>\n<span style=\"color: #993300;\">jobs@dafigo.com<\/span><\/p>\n<p><strong>Pr\u00f3ximos Eventos<\/strong><br \/>\n<span style=\"color: #993300;\">info@dafigo.com<\/span><\/p>\n<p><\/div><\/div>\n<h3>&#8211; N\u00famero de tel\u00e9fono &#8211;<\/h3>\n<div class=\"content-section clearfix\"><\/p>\n<h4><span style=\"color: #000000;\">+44 (0)20 7127 4683<\/span><\/h4>\n<p><\/div>\n<h3>&#8211; Consultas generales &#8211;<\/h3>\n<p>&nbsp;<\/p>\n<p><div class=\"wpcf7\" id=\"wpcf7-f487-o3\" lang=\"es-ES\" dir=\"ltr\">\n<div class=\"screen-reader-response\"><\/div>\n<form action=\"\/es\/wp-json\/wp\/v2\/pages\/1225#wpcf7-f487-o3\" method=\"post\" class=\"wpcf7-form\" novalidate=\"novalidate\">\n<div style=\"display: none;\">\n<input type=\"hidden\" name=\"_wpcf7\" value=\"487\" \/>\n<input type=\"hidden\" name=\"_wpcf7_version\" value=\"3.9\" \/>\n<input type=\"hidden\" name=\"_wpcf7_locale\" value=\"es_ES\" \/>\n<input type=\"hidden\" name=\"_wpcf7_unit_tag\" value=\"wpcf7-f487-o3\" \/>\n<input type=\"hidden\" name=\"_wpnonce\" value=\"05a4ed695a\" \/>\n<\/div>\n<p>\n    <span class=\"wpcf7-form-control-wrap first-name\"><input type=\"text\" name=\"first-name\" size=\"40\" class=\"wpcf7-form-control wpcf7-text wpcf7-validates-as-required\" aria-required=\"true\" aria-invalid=\"false\" placeholder=\"Nombre\" \/><\/span> <\/p>\n<p>\n    <span class=\"wpcf7-form-control-wrap last-name\"><input type=\"text\" name=\"last-name\" size=\"40\" class=\"wpcf7-form-control wpcf7-text wpcf7-validates-as-required\" aria-required=\"true\" aria-invalid=\"false\" placeholder=\"Apellidos\" \/><\/span> <\/p>\n<p>\n    <span class=\"wpcf7-form-control-wrap company\"><input type=\"text\" name=\"company\" size=\"40\" class=\"wpcf7-form-control wpcf7-text\" aria-invalid=\"false\" placeholder=\"Empresa\" \/><\/span> <\/p>\n<p>\n    <span class=\"wpcf7-form-control-wrap country\"><input type=\"text\" name=\"country\" size=\"40\" class=\"wpcf7-form-control wpcf7-text\" aria-invalid=\"false\" placeholder=\"Pa\u00eds\" \/><\/span> <\/p>\n<p>\n    <span class=\"wpcf7-form-control-wrap telephone\"><input type=\"tel\" name=\"telephone\" size=\"40\" class=\"wpcf7-form-control wpcf7-text wpcf7-tel wpcf7-validates-as-tel\" aria-invalid=\"false\" placeholder=\"Tel\u00e9fono\" \/><\/span> <\/p>\n<p>\n    <span class=\"wpcf7-form-control-wrap email\"><input type=\"email\" name=\"email\" size=\"40\" class=\"wpcf7-form-control wpcf7-text wpcf7-email wpcf7-validates-as-required wpcf7-validates-as-email\" aria-required=\"true\" aria-invalid=\"false\" placeholder=\"Email\" \/><\/span> <\/p>\n<p>\n    <span class=\"wpcf7-form-control-wrap message\"><textarea name=\"message\" cols=\"40\" rows=\"3\" class=\"wpcf7-form-control wpcf7-textarea\" aria-invalid=\"false\" placeholder=\"Mensaje\"><\/textarea><\/span> <\/p>\n<p><input type=\"hidden\" name=\"_wpcf7_captcha_challenge_captcha-287\" value=\"1520814297\" \/><img class=\"wpcf7-form-control wpcf7-captchac wpcf7-captcha-captcha-287\" width=\"84\" height=\"28\" alt=\"captcha\" src=\"https:\/\/www.dafigo.com\/blogs\/wp-content\/uploads\/wpcf7_captcha\/1520814297.png\" \/><\/p>\n<p><span class=\"wpcf7-form-control-wrap captcha-287\"><input type=\"text\" name=\"captcha-287\" size=\"40\" maxlength=\"5\" class=\"wpcf7-form-control wpcf7-captchar\" id=\"captcha-result\" aria-invalid=\"false\" placeholder=\"Por favor ingrese los caracteres que ve arriba\" \/><\/span><\/p>\n<p><input type=\"submit\" value=\"Enviar\" class=\"wpcf7-form-control wpcf7-submit btn btn-primary btn-lg\" \/><\/p>\n<div class=\"wpcf7-response-output wpcf7-display-none\"><\/div><\/form><\/div><\/p>","protected":false},"excerpt":{"rendered":"<p>Gracias por su inter\u00e9s en Dafigo &#8211; Localizaci\u00f3n de oficinas &#8211; &#8211; Emails &#8211; &#8211; N\u00famero de tel\u00e9fono &#8211; &#8211; Consultas generales &#8211; &nbsp;<\/p>\n","protected":false},"author":1,"featured_media":0,"parent":0,"menu_order":0,"comment_status":"closed","ping_status":"closed","template":"page-templates\/contact-us.php","meta":[],"_links":{"self":[{"href":"https:\/\/www.dafigo.com\/es\/wp-json\/wp\/v2\/pages\/1225"}],"collection":[{"href":"https:\/\/www.dafigo.com\/es\/wp-json\/wp\/v2\/pages"}],"about":[{"href":"https:\/\/www.dafigo.com\/es\/wp-json\/wp\/v2\/types\/page"}],"author":[{"embeddable":true,"href":"https:\/\/www.dafigo.com\/es\/wp-json\/wp\/v2\/users\/1"}],"replies":[{"embeddable":true,"href":"https:\/\/www.dafigo.com\/es\/wp-json\/wp\/v2\/comments?post=1225"}],"version-history":[{"count":95,"href":"https:\/\/www.dafigo.com\/es\/wp-json\/wp\/v2\/pages\/1225\/revisions"}],"predecessor-version":[{"id":3339,"href":"https:\/\/www.dafigo.com\/es\/wp-json\/wp\/v2\/pages\/1225\/revisions\/3339"}],"wp:attachment":[{"href":"https:\/\/www.dafigo.com\/es\/wp-json\/wp\/v2\/media?parent=1225"}],"curies":[{"name":"wp","href":"https:\/\/api.w.org\/{rel}","templated":true}]}}