{"id":1197,"date":"2017-08-03T17:48:49","date_gmt":"2017-08-03T16:48:49","guid":{"rendered":"http:\/\/www.dafigo.com\/blogs\/?page_id=1197"},"modified":"2026-03-04T13:08:44","modified_gmt":"2026-03-04T13:08:44","slug":"strategy","status":"publish","type":"page","link":"https:\/\/www.dafigo.com\/es\/strategy\/","title":{"rendered":"Estrategia"},"content":{"rendered":"<p><\/p>\n<h3>Estrategia<\/h3>\n<p>&nbsp;<\/p>\n<p>En el mundo de los negocios, a veces es bueno dejar a un lado sus propias ideas y para que los consumidores le dicen lo que quieren. Despu\u00e9s de todo, una gran parte del \u00e9xito de su negocio depende de ellos. La combinaci\u00f3n de la m\u00e1s modernas t\u00e9cnicas de investigaci\u00f3n, an\u00e1lisis de datos y el asesoramiento de expertos, ofrecemos un servicio innovador y eficiente que le ayuda en la toma de decisiones estrat\u00e9gicas.<\/p>\n<p>Combinamos la experiencia, el conocimiento y la gesti\u00f3n de la informaci\u00f3n para ofrecer una excelente soluci\u00f3n a los clientes. Ofrecemos ayuda cuando lo necesite, lo que le permite centrarse en lo que mejor sabe hacer.<\/p>\n<p>&nbsp;<\/p>\n<p><img loading=\"lazy\" class=\"aligncenter size-full wp-image-2130\" src=\"https:\/\/www.dafigo.com\/blogs\/wp-content\/uploads\/2017\/08\/Estrategia.jpg\" alt=\"\" width=\"933\" height=\"414\" srcset=\"https:\/\/www.dafigo.com\/blogs\/wp-content\/uploads\/2017\/08\/Estrategia.jpg 933w, https:\/\/www.dafigo.com\/blogs\/wp-content\/uploads\/2017\/08\/Estrategia-300x133.jpg 300w, https:\/\/www.dafigo.com\/blogs\/wp-content\/uploads\/2017\/08\/Estrategia-768x341.jpg 768w, https:\/\/www.dafigo.com\/blogs\/wp-content\/uploads\/2017\/08\/Estrategia-384x170.jpg 384w, https:\/\/www.dafigo.com\/blogs\/wp-content\/uploads\/2017\/08\/Estrategia-500x222.jpg 500w\" sizes=\"(max-width: 933px) 100vw, 933px\" \/><\/p>\n<p>&nbsp;<\/p>\n<p>Tenemos la intenci\u00f3n de reflejar el ciclo de la actividad de mercado de las organizaciones del cliente, utilizando nuestra capacidad de negocio para encontrar la necesidad recurrente y asesorar acerca de los riesgos y oportunidades, identificando las principales ideas y desarrollando y creando la respuesta de marketing m\u00e1s adecuada. Al contrario de otras agencias tradicionales de estudios de mercado, no nos limitamos a una t\u00e9cnica de investigaci\u00f3n en particular. M\u00e1s bien, dise\u00f1amos un programa de investigaci\u00f3n adecuado a las necesidades espec\u00edficas de investigaci\u00f3n de cada cliente.<\/p>\n<hr \/>\n<h3 style=\"text-align: center;\"><span style=\"color: #000000;\">Estamos mejorando la forma en que las organizaciones interact\u00faan con los consumidores<\/span><\/h3>\n<hr \/>\n<p style=\"text-align: left;\"><div class=\"row clearfix\"><\/p>\n<p style=\"text-align: left;\"><div class=\"col-xs-12 col-md-6\"><\/p>\n<p>Les ofrecemos una plataforma donde pueden compartir sus experiencias libremente y exprimir sus opiniones. Nuestros miembros no solo son miembros de un panel sino hacen parte de nuestros proyectos de b\u00fasquedas. Su opini\u00f3n puede realmente cambiar algo. El objetivo de la plataforma es crear un lazo entre los participantes, nuestros clientes y nosotros.<\/p>\n<p style=\"text-align: left;\"><\/div><div class=\"col-xs-12 col-md-6\"><\/p>\n<p><img loading=\"lazy\" class=\"aligncenter size-medium wp-image-48\" src=\"https:\/\/www.dafigo.com\/blogs\/wp-content\/uploads\/2013\/08\/The-10-Worst-Communication-Mistakes-For-Your-Career1-300x200.jpg\" alt=\"\" width=\"300\" height=\"200\" srcset=\"https:\/\/www.dafigo.com\/blogs\/wp-content\/uploads\/2013\/08\/The-10-Worst-Communication-Mistakes-For-Your-Career1-300x200.jpg 300w, https:\/\/www.dafigo.com\/blogs\/wp-content\/uploads\/2013\/08\/The-10-Worst-Communication-Mistakes-For-Your-Career1-324x216.jpg 324w, https:\/\/www.dafigo.com\/blogs\/wp-content\/uploads\/2013\/08\/The-10-Worst-Communication-Mistakes-For-Your-Career1.jpg 480w\" sizes=\"(max-width: 300px) 100vw, 300px\" \/><\/p>\n<p style=\"text-align: left;\"><\/div><\/div><\/p>\n<p><\/p>","protected":false},"excerpt":{"rendered":"<p>Estrategia &nbsp; En el mundo de los negocios, a veces es bueno dejar a un lado sus propias ideas y para que los consumidores le dicen lo que quieren. Despu\u00e9s de todo, una gran parte del \u00e9xito de su negocio depende de ellos. La combinaci\u00f3n de la m\u00e1s modernas t\u00e9cnicas de investigaci\u00f3n, an\u00e1lisis de datos [&hellip;]<\/p>\n","protected":false},"author":1,"featured_media":1517,"parent":0,"menu_order":0,"comment_status":"closed","ping_status":"closed","template":"","meta":[],"_links":{"self":[{"href":"https:\/\/www.dafigo.com\/es\/wp-json\/wp\/v2\/pages\/1197"}],"collection":[{"href":"https:\/\/www.dafigo.com\/es\/wp-json\/wp\/v2\/pages"}],"about":[{"href":"https:\/\/www.dafigo.com\/es\/wp-json\/wp\/v2\/types\/page"}],"author":[{"embeddable":true,"href":"https:\/\/www.dafigo.com\/es\/wp-json\/wp\/v2\/users\/1"}],"replies":[{"embeddable":true,"href":"https:\/\/www.dafigo.com\/es\/wp-json\/wp\/v2\/comments?post=1197"}],"version-history":[{"count":32,"href":"https:\/\/www.dafigo.com\/es\/wp-json\/wp\/v2\/pages\/1197\/revisions"}],"predecessor-version":[{"id":3375,"href":"https:\/\/www.dafigo.com\/es\/wp-json\/wp\/v2\/pages\/1197\/revisions\/3375"}],"wp:featuredmedia":[{"embeddable":true,"href":"https:\/\/www.dafigo.com\/es\/wp-json\/wp\/v2\/media\/1517"}],"wp:attachment":[{"href":"https:\/\/www.dafigo.com\/es\/wp-json\/wp\/v2\/media?parent=1197"}],"curies":[{"name":"wp","href":"https:\/\/api.w.org\/{rel}","templated":true}]}}