{"id":1195,"date":"2017-08-03T17:47:20","date_gmt":"2017-08-03T16:47:20","guid":{"rendered":"http:\/\/www.dafigo.com\/blogs\/?page_id=1195"},"modified":"2026-03-11T18:31:44","modified_gmt":"2026-03-11T18:31:44","slug":"consulting","status":"publish","type":"page","link":"https:\/\/www.dafigo.com\/es\/consulting\/","title":{"rendered":"Consultor\u00eda"},"content":{"rendered":"<p><\/p>\n<h3>Consultor\u00eda<\/h3>\n<p>&nbsp;<\/p>\n<p>Como consultores, no nos limitamos s\u00f3lo proporcionan datos, los interpretamos para orientar a las empresas en la toma de decisiones estrat\u00e9gicas.<\/p>\n<p>Nuestro conocimiento proviene de a\u00f1os de experiencia del pasado para centrarse en el comportamiento del consumidor y empresas especializadas en diferentes \u00e1reas de marketing. Nuestros m\u00e9todos de estructura flexible y adaptable nos permiten dirigir la pericia y experiencia de nuestros miembros del equipo para un mejor resultado final.<\/p>\n<p>&nbsp;<\/p>\n<h3 style=\"text-align: center;\"><span style=\"color: #993300;\">\u00bfPor qu\u00e9 la ayuda exterior?<\/span><\/h3>\n<h2><img loading=\"lazy\" class=\"aligncenter size-thumbnail wp-image-2028\" src=\"https:\/\/www.dafigo.com\/blogs\/wp-content\/uploads\/2017\/08\/Outside-150x150.jpg\" alt=\"\" width=\"150\" height=\"150\" \/><\/h2>\n<p>Es natural que las personas que trabajan juntos y pasar tanto tiempo juntos para tener ideas similares, que a veces puede limitar la creatividad. Nuestras ideas son positivamente diferente.<\/p>\n<p>&nbsp;<\/p>\n<h3 style=\"text-align: center;\"><span style=\"color: #993300;\">\u00bfPorque nosotros?<\/span><\/h3>\n<p><img loading=\"lazy\" class=\"aligncenter size-thumbnail wp-image-2008\" src=\"https:\/\/www.dafigo.com\/blogs\/wp-content\/uploads\/2017\/08\/Planning-150x150.png\" alt=\"\" width=\"150\" height=\"150\" srcset=\"https:\/\/www.dafigo.com\/blogs\/wp-content\/uploads\/2017\/08\/Planning-150x150.png 150w, https:\/\/www.dafigo.com\/blogs\/wp-content\/uploads\/2017\/08\/Planning-216x216.png 216w, https:\/\/www.dafigo.com\/blogs\/wp-content\/uploads\/2017\/08\/Planning.png 256w\" sizes=\"(max-width: 150px) 100vw, 150px\" \/><\/p>\n<p>Brindamos a nuestros clientes los medios para encontrar nuevos caminos hacia el crecimiento mediante la interpretaci\u00f3n de los datos utilizados para comprender el recorrido del cliente. Ofrecemos un servicio innovador y eficiente que le ayuda en la toma de decisiones estrat\u00e9gicas.<\/p>\n<p>&nbsp;<\/p>\n<p>&nbsp;<\/p>\n<p><img loading=\"lazy\" class=\"aligncenter size-full wp-image-2090\" src=\"https:\/\/www.dafigo.com\/blogs\/wp-content\/uploads\/2017\/08\/Consultor\u00eda.jpg\" alt=\"\" width=\"655\" height=\"447\" srcset=\"https:\/\/www.dafigo.com\/blogs\/wp-content\/uploads\/2017\/08\/Consultor\u00eda.jpg 655w, https:\/\/www.dafigo.com\/blogs\/wp-content\/uploads\/2017\/08\/Consultor\u00eda-300x205.jpg 300w, https:\/\/www.dafigo.com\/blogs\/wp-content\/uploads\/2017\/08\/Consultor\u00eda-317x216.jpg 317w, https:\/\/www.dafigo.com\/blogs\/wp-content\/uploads\/2017\/08\/Consultor\u00eda-633x432.jpg 633w, https:\/\/www.dafigo.com\/blogs\/wp-content\/uploads\/2017\/08\/Consultor\u00eda-500x341.jpg 500w\" sizes=\"(max-width: 655px) 100vw, 655px\" \/><\/p>\n<p>&nbsp;<\/p>\n<p>Estamos orgullosos de proporcionar un r\u00e1pido y basado en servicios de confianza mutua, la creaci\u00f3n de una relaci\u00f3n que a menudo dura a\u00f1os. Contamos con una red completa de consultores que brindan potencia de fuego adicional para aliviar la presi\u00f3n sobre sus recursos existentes, permiti\u00e9ndole concentrarse en lo que hace mejor. Nuestros clientes nos buscan ideas innovadoras que no solo mitiguen los riesgos, sino que tambi\u00e9n entreguen valor de manera r\u00e1pida y \u00e1gil.<\/p>\n<hr \/>\n<p style=\"text-align: left;\"><div class=\"row clearfix\"><\/p>\n<p style=\"text-align: left;\"><div class=\"col-xs-12 col-md-6\"><\/p>\n<h3>Agilidad<\/h3>\n<p>Entender qu\u00e9 decisiones estrat\u00e9gicas son las m\u00e1s importantes y saber cu\u00e1les tomar r\u00e1pidamente y con agilidad es realmente importante. Velocidad y tener las personas adecuadas involucradas para tomar estas decisiones es esencial. En un mundo donde existe una explosi\u00f3n absoluta de informaci\u00f3n y datos, tener las habilidades anal\u00edticas y las habilidades para guiar estas decisiones es absolutamente primordial.<\/p>\n<p><span style=\"color: #993300;\"><strong><a style=\"color: #993300;\" href=\"https:\/\/www.dafigo.com\/es\/agility\/\">Saber m\u00e1s<\/a><\/strong><\/span><\/p>\n<p><\/div><div class=\"col-xs-12 col-md-6\"><\/p>\n<h3><\/h3>\n<p><img loading=\"lazy\" class=\"alignleft wp-image-1841\" src=\"https:\/\/www.dafigo.com\/blogs\/wp-content\/uploads\/2017\/08\/Agile.png\" alt=\"\" width=\"290\" height=\"221\" \/><\/div><\/div><\/p>\n<hr \/>\n<p style=\"text-align: left;\"><div class=\"row clearfix\"><\/p>\n<p style=\"text-align: left;\"><div class=\"col-xs-12 col-md-6\"><\/p>\n<h3>Dafigo Interactive<\/h3>\n<p>Auque el personal de Dafigo dispone de una gama sin igual de experiencia y pericia, los que cuentan definitivamente son los consumidores. Los expertos verdaderos son las legiones de clientes regulares que saben lo que quieren, lo que desean y lo que necesitan.<\/p>\n<p>Deja que nuestro gran panel de participantes ayuda.<\/p>\n<p><span style=\"color: #993300;\"><strong><a style=\"color: #993300;\" href=\"https:\/\/www.dafigo.com\/es\/ucp\/\">Saber m\u00e1s<\/a><\/strong><\/span><\/p>\n<h3><\/div><div class=\"col-xs-12 col-md-6\"><\/h3>\n<h3><\/h3>\n<p><img loading=\"lazy\" class=\"alignleft wp-image-1384\" src=\"https:\/\/www.dafigo.com\/blogs\/wp-content\/uploads\/2017\/08\/Understand-consumer-preferences-150x150.jpg\" alt=\"\" width=\"250\" height=\"251\" srcset=\"https:\/\/www.dafigo.com\/blogs\/wp-content\/uploads\/2017\/08\/Understand-consumer-preferences-150x150.jpg 150w, https:\/\/www.dafigo.com\/blogs\/wp-content\/uploads\/2017\/08\/Understand-consumer-preferences-300x300.jpg 300w, https:\/\/www.dafigo.com\/blogs\/wp-content\/uploads\/2017\/08\/Understand-consumer-preferences-215x216.jpg 215w, https:\/\/www.dafigo.com\/blogs\/wp-content\/uploads\/2017\/08\/Understand-consumer-preferences-431x432.jpg 431w, https:\/\/www.dafigo.com\/blogs\/wp-content\/uploads\/2017\/08\/Understand-consumer-preferences-500x500.jpg 500w, https:\/\/www.dafigo.com\/blogs\/wp-content\/uploads\/2017\/08\/Understand-consumer-preferences.jpg 668w\" sizes=\"(max-width: 250px) 100vw, 250px\" \/><\/div><\/div><\/p>\n<hr \/>\n<h3>Los buenos recursos en el buen momento con el fin de obtener las buenas soluciones<\/h3>\n<p>Nuestro equipo de expertos le ayudar\u00e1 a adaptarse a los cambios necesarios para lograr la visi\u00f3n creada por su estrategia de desarrollo, al tiempo que conserva los elementos que ha prosperado en primera instancia.<\/p>","protected":false},"excerpt":{"rendered":"<p>Consultor\u00eda &nbsp; Como consultores, no nos limitamos s\u00f3lo proporcionan datos, los interpretamos para orientar a las empresas en la toma de decisiones estrat\u00e9gicas. Nuestro conocimiento proviene de a\u00f1os de experiencia del pasado para centrarse en el comportamiento del consumidor y empresas especializadas en diferentes \u00e1reas de marketing. Nuestros m\u00e9todos de estructura flexible y adaptable nos [&hellip;]<\/p>\n","protected":false},"author":1,"featured_media":706,"parent":0,"menu_order":0,"comment_status":"closed","ping_status":"closed","template":"","meta":[],"_links":{"self":[{"href":"https:\/\/www.dafigo.com\/es\/wp-json\/wp\/v2\/pages\/1195"}],"collection":[{"href":"https:\/\/www.dafigo.com\/es\/wp-json\/wp\/v2\/pages"}],"about":[{"href":"https:\/\/www.dafigo.com\/es\/wp-json\/wp\/v2\/types\/page"}],"author":[{"embeddable":true,"href":"https:\/\/www.dafigo.com\/es\/wp-json\/wp\/v2\/users\/1"}],"replies":[{"embeddable":true,"href":"https:\/\/www.dafigo.com\/es\/wp-json\/wp\/v2\/comments?post=1195"}],"version-history":[{"count":123,"href":"https:\/\/www.dafigo.com\/es\/wp-json\/wp\/v2\/pages\/1195\/revisions"}],"predecessor-version":[{"id":3380,"href":"https:\/\/www.dafigo.com\/es\/wp-json\/wp\/v2\/pages\/1195\/revisions\/3380"}],"wp:featuredmedia":[{"embeddable":true,"href":"https:\/\/www.dafigo.com\/es\/wp-json\/wp\/v2\/media\/706"}],"wp:attachment":[{"href":"https:\/\/www.dafigo.com\/es\/wp-json\/wp\/v2\/media?parent=1195"}],"curies":[{"name":"wp","href":"https:\/\/api.w.org\/{rel}","templated":true}]}}