{"id":1193,"date":"2017-08-03T17:45:26","date_gmt":"2017-08-03T16:45:26","guid":{"rendered":"http:\/\/www.dafigo.com\/blogs\/?page_id=1193"},"modified":"2026-03-04T13:00:16","modified_gmt":"2026-03-04T13:00:16","slug":"technology","status":"publish","type":"page","link":"https:\/\/www.dafigo.com\/es\/technology\/","title":{"rendered":"Tecnolog\u00eda"},"content":{"rendered":"<p><\/p>\n<h3>Tecnolog\u00eda<\/h3>\n<p>&nbsp;<\/p>\n<p>Abordamos las dificultades, proporcionando soluciones cohesivas y rentables, especialmente concebidas en funci\u00f3n de las necesidades de su organizaci\u00f3n, independientemente de su importancia o sector de actividad. Desarrollamos servicios innovadores que tienen en cuenta el valor del cliente y de la empresa.<\/p>\n<p>Le ayudaremos a integrar nuevos modelos que cautivar\u00e1n a una mayor audiencia de conumidores, destin\u00e1ndose a los buenos conjuntos de clientes y empleando una tecnolog\u00eda que producir\u00e1 servicios basados en la experienca. Nuestra prioridad es simplificar y mejorar la eficacia y el desarrollo de sus operaciones cuando toma decisiones marketing.<\/p>\n<p>&nbsp;<\/p>\n<p><img loading=\"lazy\" class=\"aligncenter size-full wp-image-2439\" src=\"https:\/\/www.dafigo.com\/blogs\/wp-content\/uploads\/2017\/08\/Tecnolog\u00eda-1.jpg\" alt=\"\" width=\"1114\" height=\"502\" srcset=\"https:\/\/www.dafigo.com\/blogs\/wp-content\/uploads\/2017\/08\/Tecnolog\u00eda-1.jpg 1114w, https:\/\/www.dafigo.com\/blogs\/wp-content\/uploads\/2017\/08\/Tecnolog\u00eda-1-300x135.jpg 300w, https:\/\/www.dafigo.com\/blogs\/wp-content\/uploads\/2017\/08\/Tecnolog\u00eda-1-768x346.jpg 768w, https:\/\/www.dafigo.com\/blogs\/wp-content\/uploads\/2017\/08\/Tecnolog\u00eda-1-1024x461.jpg 1024w, https:\/\/www.dafigo.com\/blogs\/wp-content\/uploads\/2017\/08\/Tecnolog\u00eda-1-384x173.jpg 384w, https:\/\/www.dafigo.com\/blogs\/wp-content\/uploads\/2017\/08\/Tecnolog\u00eda-1-500x225.jpg 500w\" sizes=\"(max-width: 1114px) 100vw, 1114px\" \/><\/p>\n<p>&nbsp;<\/p>\n<hr \/>\n<h3 style=\"text-align: center;\"><span style=\"color: #000000;\">Nuestro peritaje y\u00a0nuestros conocimientos\u00a0profundos del mercado\u00a0nos obtienen una\u00a0s\u00f3lida estructura con\u00a0el fin de guiarle en\u00a0toda transformaci\u00f3n.\u00a0Nuestro trabajo es de garantizar que pueda realizar su trabajo sin esfuerzo, de conformidad y con \u00e9xito.<\/span><\/h3>\n<hr \/>\n<p>&nbsp;<\/p>\n<div class=\"col-xs-12 col-md-6\">\n<h3><img loading=\"lazy\" class=\"size-medium wp-image-1525 alignleft\" src=\"https:\/\/www.dafigo.com\/blogs\/wp-content\/uploads\/2017\/08\/Technology-2-300x159.jpg\" alt=\"\" width=\"300\" height=\"159\" srcset=\"https:\/\/www.dafigo.com\/blogs\/wp-content\/uploads\/2017\/08\/Technology-2-300x159.jpg 300w, https:\/\/www.dafigo.com\/blogs\/wp-content\/uploads\/2017\/08\/Technology-2-768x408.jpg 768w, https:\/\/www.dafigo.com\/blogs\/wp-content\/uploads\/2017\/08\/Technology-2-384x204.jpg 384w, https:\/\/www.dafigo.com\/blogs\/wp-content\/uploads\/2017\/08\/Technology-2-500x266.jpg 500w, https:\/\/www.dafigo.com\/blogs\/wp-content\/uploads\/2017\/08\/Technology-2.jpg 1000w\" sizes=\"(max-width: 300px) 100vw, 300px\" \/><\/h3>\n<p>&nbsp;<\/p>\n<p><\/div><div class=\"col-xs-12 col-md-6\"><\/p>\n<p>Mantente un paso por delante del juego con nuestros art\u00edculos en los que nuestros expertos comparten sus puntos de vista sobre la empresarial.<\/p>\n<p><strong><span style=\"color: #993300;\"><a style=\"color: #993300;\" href=\"https:\/\/www.dafigo.com\/es\/blog\/\">Saber m\u00e1s<\/a><\/span><\/strong><\/p>\n<h3><\/h3>\n<p><\/div><\/p>","protected":false},"excerpt":{"rendered":"<p>Tecnolog\u00eda &nbsp; Abordamos las dificultades, proporcionando soluciones cohesivas y rentables, especialmente concebidas en funci\u00f3n de las necesidades de su organizaci\u00f3n, independientemente de su importancia o sector de actividad. Desarrollamos servicios innovadores que tienen en cuenta el valor del cliente y de la empresa. Le ayudaremos a integrar nuevos modelos que cautivar\u00e1n a una mayor audiencia [&hellip;]<\/p>\n","protected":false},"author":1,"featured_media":1746,"parent":0,"menu_order":0,"comment_status":"closed","ping_status":"closed","template":"","meta":[],"_links":{"self":[{"href":"https:\/\/www.dafigo.com\/es\/wp-json\/wp\/v2\/pages\/1193"}],"collection":[{"href":"https:\/\/www.dafigo.com\/es\/wp-json\/wp\/v2\/pages"}],"about":[{"href":"https:\/\/www.dafigo.com\/es\/wp-json\/wp\/v2\/types\/page"}],"author":[{"embeddable":true,"href":"https:\/\/www.dafigo.com\/es\/wp-json\/wp\/v2\/users\/1"}],"replies":[{"embeddable":true,"href":"https:\/\/www.dafigo.com\/es\/wp-json\/wp\/v2\/comments?post=1193"}],"version-history":[{"count":218,"href":"https:\/\/www.dafigo.com\/es\/wp-json\/wp\/v2\/pages\/1193\/revisions"}],"predecessor-version":[{"id":3373,"href":"https:\/\/www.dafigo.com\/es\/wp-json\/wp\/v2\/pages\/1193\/revisions\/3373"}],"wp:featuredmedia":[{"embeddable":true,"href":"https:\/\/www.dafigo.com\/es\/wp-json\/wp\/v2\/media\/1746"}],"wp:attachment":[{"href":"https:\/\/www.dafigo.com\/es\/wp-json\/wp\/v2\/media?parent=1193"}],"curies":[{"name":"wp","href":"https:\/\/api.w.org\/{rel}","templated":true}]}}