{"id":1189,"date":"2017-08-03T17:40:34","date_gmt":"2017-08-03T16:40:34","guid":{"rendered":"http:\/\/www.dafigo.com\/blogs\/?page_id=1189"},"modified":"2026-03-04T11:41:17","modified_gmt":"2026-03-04T11:41:17","slug":"about-us","status":"publish","type":"page","link":"https:\/\/www.dafigo.com\/es\/about-us\/","title":{"rendered":"Con respecto a Dafigo"},"content":{"rendered":"<p><\/p>\n<h3>Con respecto a Dafigo<\/h3>\n<p>&nbsp;<\/p>\n<p><strong>\u00bfQu\u00e9 hacemos?<\/strong><\/p>\n<p>Pretendemos mejorar la relaci\u00f3n entre las marcas y sus clientes. Nuestra particular integraci\u00f3n de datos, investigaci\u00f3n, consultor\u00eda sobre valor a\u00f1adido y desarrollo de campa\u00f1as permite a nuestros clientes comprender mejor el comportamiento del consumidor.<\/p>\n<p>&nbsp;<\/p>\n<p><strong>\u00bfC\u00f3mo lo hacemos?<\/strong><\/p>\n<p>Conectamos marcas con consumidores. Ayudamos a fortalecer el estatus competitivo de las empresas, combinando peritaje, modelos, datos y procesos de innovaci\u00f3n.<\/p>\n<p>Invertimos constantemente para mejorar nuestras alianzas profesionales y consideramos que el desarrollo de nuestro talento es la base y el principal recurso de las ventajas tan competitivas que ofrecemos a nuestros clientes.<\/p>\n<p>&nbsp;<\/p>\n<p><strong>\u00bfD\u00f3nde estamos?<\/strong><\/p>\n<p>Tenemos oficianas en Londres, Bruselas, Par\u00eds y Madrid y una red de socios en m\u00e1s de 10 pa\u00edses, que nos permite ofrecer servicios basados \u200b\u200ben el conocimiento local.<\/p>\n<p>&nbsp;<\/p>\n<h3><\/h3>\n<p><img loading=\"lazy\" class=\"aligncenter size-full wp-image-1509\" src=\"http:\/\/www.dafigo.com\/blogs\/wp-content\/uploads\/2017\/08\/Map.jpg\" alt=\"\" width=\"1000\" height=\"750\" srcset=\"https:\/\/www.dafigo.com\/blogs\/wp-content\/uploads\/2017\/08\/Map.jpg 1000w, https:\/\/www.dafigo.com\/blogs\/wp-content\/uploads\/2017\/08\/Map-300x225.jpg 300w, https:\/\/www.dafigo.com\/blogs\/wp-content\/uploads\/2017\/08\/Map-768x576.jpg 768w, https:\/\/www.dafigo.com\/blogs\/wp-content\/uploads\/2017\/08\/Map-960x720.jpg 960w, https:\/\/www.dafigo.com\/blogs\/wp-content\/uploads\/2017\/08\/Map-288x216.jpg 288w, https:\/\/www.dafigo.com\/blogs\/wp-content\/uploads\/2017\/08\/Map-576x432.jpg 576w, https:\/\/www.dafigo.com\/blogs\/wp-content\/uploads\/2017\/08\/Map-500x375.jpg 500w\" sizes=\"(max-width: 1000px) 100vw, 1000px\" \/><\/p>","protected":false},"excerpt":{"rendered":"<p>Con respecto a Dafigo &nbsp; \u00bfQu\u00e9 hacemos? Pretendemos mejorar la relaci\u00f3n entre las marcas y sus clientes. Nuestra particular integraci\u00f3n de datos, investigaci\u00f3n, consultor\u00eda sobre valor a\u00f1adido y desarrollo de campa\u00f1as permite a nuestros clientes comprender mejor el comportamiento del consumidor. &nbsp; \u00bfC\u00f3mo lo hacemos? Conectamos marcas con consumidores. Ayudamos a fortalecer el estatus competitivo [&hellip;]<\/p>\n","protected":false},"author":1,"featured_media":209,"parent":0,"menu_order":0,"comment_status":"closed","ping_status":"closed","template":"","meta":[],"_links":{"self":[{"href":"https:\/\/www.dafigo.com\/es\/wp-json\/wp\/v2\/pages\/1189"}],"collection":[{"href":"https:\/\/www.dafigo.com\/es\/wp-json\/wp\/v2\/pages"}],"about":[{"href":"https:\/\/www.dafigo.com\/es\/wp-json\/wp\/v2\/types\/page"}],"author":[{"embeddable":true,"href":"https:\/\/www.dafigo.com\/es\/wp-json\/wp\/v2\/users\/1"}],"replies":[{"embeddable":true,"href":"https:\/\/www.dafigo.com\/es\/wp-json\/wp\/v2\/comments?post=1189"}],"version-history":[{"count":51,"href":"https:\/\/www.dafigo.com\/es\/wp-json\/wp\/v2\/pages\/1189\/revisions"}],"predecessor-version":[{"id":3370,"href":"https:\/\/www.dafigo.com\/es\/wp-json\/wp\/v2\/pages\/1189\/revisions\/3370"}],"wp:featuredmedia":[{"embeddable":true,"href":"https:\/\/www.dafigo.com\/es\/wp-json\/wp\/v2\/media\/209"}],"wp:attachment":[{"href":"https:\/\/www.dafigo.com\/es\/wp-json\/wp\/v2\/media?parent=1189"}],"curies":[{"name":"wp","href":"https:\/\/api.w.org\/{rel}","templated":true}]}}